{"id":7,"date":"2021-03-19T17:23:52","date_gmt":"2021-03-19T16:23:52","guid":{"rendered":"http:\/\/vyklizenivezline.cz\/?page_id=7"},"modified":"2021-03-22T16:59:26","modified_gmt":"2021-03-22T15:59:26","slug":"uvod","status":"publish","type":"page","link":"https:\/\/vyklizenivezline.cz\/","title":{"rendered":"\u00davod"},"content":{"rendered":"<p>[vc_row][vc_column]<div id=\"cz_104483\" class=\"cz_104483 cz_tabs clr cz_tabs_htl\"><div class=\"cz_tabs_content\"><a class=\"cz_tab_a hide\" data-tab=\"cz_74485\" href=\"#\"><i class=\"cz_tab_icon fas fa-comment-dots mr8\"><\/i><span class=\"cz_tab_in_title\">Kontakty<\/span><\/a><div id=\"cz_74485\" class=\"cz_tab\"><div>[vc_row_inner][vc_column_inner width=&#8221;1\/2&#8243;]<ul id=\"cz_60406\" class=\"cz_60406 cz_stylish_list clr cz_sl_icon_hover_none\"><li class=\"clr\"><a href=\"tel:731340444\"><div class=\"cz_sl_icon\"><i class=\"fas fa-phone-alt mr10\"><\/i><\/div><div><span>Telefon<small>+420 731 340 444<\/small><\/span><\/div><\/a><\/li><li class=\"clr\"><a href=\"mailto:info@vyklizenizlincz.cz\"><div class=\"cz_sl_icon\"><i class=\"fas fa-envelope mr10\"><\/i><\/div><div><span>Email<small>info@vyklizenizlincz.cz<\/small><\/span><\/div><\/a><\/li><li class=\"clr\"><div class=\"cz_sl_icon\"><i class=\"fas fa-user-check mr10\"><\/i><\/div><div><span>Garant vykl\u00edzen\u00ed<small>Bc. Karel T\u016fma<\/small><\/span><\/div><\/li><li class=\"clr\"><div class=\"cz_sl_icon\"><i class=\"fas fa-map-marked-alt mr10\"><\/i><\/div><div><span>Oblast vykl\u00edzen\u00ed<small>Kdekoliv ve Zl\u00edn\u011b a v okol\u00ed!<\/small><\/span><\/div><\/li><li class=\"clr\"><div class=\"cz_sl_icon\"><i class=\"fas fa-info mr10\"><\/i><\/div><div><span>Pobo\u010dka Zl\u00edn<small>I\u010c: 08849595<\/small><\/span><\/div><\/li><\/ul>[\/vc_column_inner][vc_column_inner width=&#8221;1\/2&#8243;][vc_single_image image=&#8221;23&#8243; img_size=&#8221;full&#8221;][\/vc_column_inner][\/vc_row_inner]<\/div><\/div><a class=\"cz_tab_a hide\" data-tab=\"cz_76108\" href=\"#\"><i class=\"cz_tab_icon fas fa-handshake mr8\"><\/i><span class=\"cz_tab_in_title\">Na\u0161i partne\u0159i<\/span><\/a><div id=\"cz_76108\" class=\"cz_tab\"><div>[vc_row_inner content_placement=&#8221;middle&#8221;][vc_column_inner width=&#8221;1\/2&#8243;][vc_single_image image=&#8221;18&#8243; img_size=&#8221;full&#8221;][\/vc_column_inner][vc_column_inner width=&#8221;1\/2&#8243;][vc_column_text]<\/p>\n<ul>\n<li><a href=\"http:\/\/www.vyklizeni-bytu-plzen.cz\/\" target=\"_blank\" rel=\"nofollow noopener noreferrer\">www.vyklizeni-bytu-plzen.cz<\/a><\/li>\n<li><a href=\"http:\/\/www.vyklizeniprahacz.cz\/\" target=\"_blank\" rel=\"nofollow noopener noreferrer\">www.vyklizeniprahacz.cz<\/a><\/li>\n<li><a href=\"http:\/\/www.vyklizeni-bytu-liberec.cz\/\" target=\"_blank\" rel=\"nofollow noopener noreferrer\">www.vyklizeni-bytu-liberec.cz<\/a><\/li>\n<li><a href=\"http:\/\/www.vyklizeni-karlovy-vary.cz\/\" target=\"_blank\" rel=\"nofollow noopener noreferrer\">www.vyklizeni-karlovy-vary.cz<\/a><\/li>\n<li><a href=\"http:\/\/www.vyklizenibrnocz.cz\/\" target=\"_blank\" rel=\"nofollow noopener noreferrer\">www.vyklizenibrnocz.cz<\/a><\/li>\n<li><a href=\"http:\/\/www.vyklizeniusti.cz\/\" target=\"_blank\" rel=\"nofollow noopener noreferrer\">www.vyklizeniusti.cz<\/a><\/li>\n<li><a href=\"http:\/\/www.vyklizenikladno.cz\/\" target=\"_blank\" rel=\"nofollow noopener noreferrer\">www.vyklizenikladno.cz<\/a><\/li>\n<li><a href=\"http:\/\/www.vyklizenikolin.cz\/\" target=\"_blank\" rel=\"nofollow noopener noreferrer\">www.vyklizenikolin.cz<\/a><\/li>\n<li><a href=\"http:\/\/www.vyklizeniceskalipa.cz\/\" target=\"_blank\" rel=\"nofollow noopener noreferrer\">www.vyklizeniceskalipa.cz<\/a><\/li>\n<li><a href=\"http:\/\/www.vyklizenikarlovyvarycz.cz\/\" target=\"_blank\" rel=\"nofollow noopener noreferrer\">www.vyklizenikarlovyvarycz.cz<\/a><\/li>\n<li><a href=\"http:\/\/www.vyklizeniplzencz.cz\/\" target=\"_blank\" rel=\"nofollow noopener noreferrer\">www.vyklizeniplzencz.cz<\/a><\/li>\n<li><a href=\"http:\/\/www.vyklizeniplzen.com\/\" target=\"_blank\" rel=\"nofollow noopener noreferrer\">www.vyklizeniplzen.com<\/a><\/li>\n<li><a href=\"http:\/\/www.vyklizenidecin.cz\/\" target=\"_blank\" rel=\"nofollow noopener noreferrer\">www.vyklizenidecin.cz<\/a><\/li>\n<li><a href=\"http:\/\/www.vyklizeniberoun.cz\/\" target=\"_blank\" rel=\"nofollow noopener noreferrer\">www.vyklizeniberoun.cz<\/a><\/li>\n<li><a href=\"http:\/\/www.vyklizenikolincz.cz\/\" target=\"_blank\" rel=\"nofollow noopener noreferrer\">www.vyklizenikolincz.cz<\/a><\/li>\n<li><a href=\"https:\/\/www.vyklizeci-prace-brno.cz\/\" target=\"_blank\" rel=\"noopener\">www.vyklizeci-prace-brno.cz<\/a><\/li>\n<li><a href=\"https:\/\/www.vyklizenitrutnov.cz\/\" target=\"_blank\" rel=\"noopener\">www.vyklizenitrutnov.cz<\/a><\/li>\n<li><a href=\"http:\/\/www.vyklizeniostrava.cz\" target=\"_blank\" rel=\"noopener\">www.vyklizeniostrava.cz<\/a><\/li>\n<li><a href=\"https:\/\/www.vyklizenizlincz.cz\" target=\"_blank\" rel=\"noopener\">www.vyklizenizlincz.cz<\/a><\/li>\n<\/ul>\n<p>[\/vc_column_text][\/vc_column_inner][\/vc_row_inner]<\/div><\/div><a class=\"cz_tab_a hide\" data-tab=\"cz_102942\" href=\"#\"><i class=\"cz_tab_icon fas fa-shipping-fast mr8\"><\/i><span class=\"cz_tab_in_title\">Na\u0161e slu\u017eby<\/span><\/a><div id=\"cz_102942\" class=\"cz_tab\"><div>[vc_row_inner content_placement=&#8221;middle&#8221;][vc_column_inner width=&#8221;1\/3&#8243;][vc_single_image image=&#8221;8&#8243; img_size=&#8221;full&#8221;][\/vc_column_inner][vc_column_inner width=&#8221;1\/3&#8243;]<ul id=\"cz_41553\" class=\"cz_41553 cz_stylish_list clr cz_sl_icon_hover_zoom_in\"><li class=\"clr\"><div class=\"cz_sl_icon\"><i class=\"fas fa-truck-loading mr10\"><\/i><\/div><div><span>Vykl\u00edzen\u00ed Zl\u00edn<\/span><\/div><\/li><li class=\"clr\"><div class=\"cz_sl_icon\"><i class=\"fas fa-cross mr10\"><\/i><\/div><div><span>Vykl\u00edzen\u00ed po \u00famrt\u00ed Zl\u00edn<\/span><\/div><\/li><li class=\"clr\"><div class=\"cz_sl_icon\"><i class=\"fas fa-exclamation-triangle mr10\"><\/i><\/div><div><span>Likvidace eternitu Zl\u00edn<\/span><\/div><\/li><li class=\"clr\"><div class=\"cz_sl_icon\"><i class=\"fas fa-wrench mr10\"><\/i><\/div><div><span>Demont\u00e1\u017ee technologi\u00ed Zl\u00edn<\/span><\/div><\/li><li class=\"clr\"><div class=\"cz_sl_icon\"><i class=\"fas fa-hammer mr10\"><\/i><\/div><div><span>Bour\u00e1n\u00ed bytov\u00e9ho j\u00e1dra Zl\u00edn<\/span><\/div><\/li><li class=\"clr\"><div class=\"cz_sl_icon\"><i class=\"fas fa-paint-roller mr10\"><\/i><\/div><div><span>Malov\u00e1n\u00ed a \u00faklid Zl\u00edn<\/span><\/div><\/li><\/ul>[\/vc_column_inner][vc_column_inner width=&#8221;1\/3&#8243;]<ul id=\"cz_100973\" class=\"cz_100973 cz_stylish_list clr cz_sl_icon_hover_zoom_in\"><li class=\"clr\"><div class=\"cz_sl_icon\"><i class=\"fas fa-people-carry mr10\"><\/i><\/div><div><span>Vykl\u00edzen\u00ed byt\u016f Zl\u00edn<\/span><\/div><\/li><li class=\"clr\"><div class=\"cz_sl_icon\"><i class=\"fas fa-bible mr10\"><\/i><\/div><div><span>Likvidace poz\u016fstalosti Zl\u00edn<\/span><\/div><\/li><li class=\"clr\"><div class=\"cz_sl_icon\"><i class=\"fas fa-exclamation-circle mr10\"><\/i><\/div><div><span>Likvidace azbestu Zl\u00edn<\/span><\/div><\/li><li class=\"clr\"><div class=\"cz_sl_icon\"><i class=\"fa czico-079-hand mr10\"><\/i><\/div><div><span>V\u00fdkup staro\u017eitnost\u00ed Zl\u00edn<\/span><\/div><\/li><li class=\"clr\"><div class=\"cz_sl_icon\"><i class=\"fas fa-truck-moving mr10\"><\/i><\/div><div><span>St\u011bhov\u00e1n\u00ed Zl\u00edn<\/span><\/div><\/li><li class=\"clr\"><div class=\"cz_sl_icon\"><i class=\"fas fa-shopping-cart mr10\"><\/i><\/div><div><span>V\u00fdkup \u017eeleza Zl\u00edn<\/span><\/div><\/li><\/ul>[\/vc_column_inner][\/vc_row_inner]<\/div><\/div><a class=\"cz_tab_a hide\" data-tab=\"cz_58867\" href=\"#\"><i class=\"cz_tab_icon fas fa-info-circle mr8\"><\/i><span class=\"cz_tab_in_title\">Vykl\u00edzen\u00ed Zl\u00edn<\/span><\/a><div id=\"cz_58867\" class=\"cz_tab\"><div>[vc_row_inner][vc_column_inner width=&#8221;1\/2&#8243;][vc_column_text]Profesion\u00e1ln\u00ed\u00a0<strong>vykl\u00edzen\u00ed byt\u016f ve Zl\u00edn\u011b, likvidace poz\u016fstalosti ve Zl\u00edn\u011b, vykl\u00edzen\u00ed po \u00famrt\u00ed ve Zl\u00edn\u011b<\/strong>, odvoz star\u00e9ho n\u00e1bytku <strong>ve Zl\u00edn\u011b<\/strong>, <strong>\u00faklid po \u00famrt\u00ed ve Zl\u00edn\u011b<\/strong>, zvl\u00e1dneme i lehk\u00e9\u00a0<strong>bourac\u00ed pr\u00e1ce ve Zl\u00edn\u011b<\/strong>, st\u011bhov\u00e1n\u00ed,\u00a0<strong>likvidace eternitu ve Zl\u00edn\u011b<\/strong>, skartace dokument\u016f v p\u0159\u00edpad\u011b, \u017ee se jedn\u00e1 o\u00a0<strong>vykl\u00edzen\u00ed kancel\u00e1\u0159\u00ed<\/strong> <strong>ve Zl\u00edn\u011b<\/strong>.<\/p>\n<p>Porad\u00edme si i z demont\u00e1\u017ee technologi\u00ed, malov\u00e1n\u00ed a \u00faklid v p\u0159\u00edpad\u011b<strong>\u00a0vykl\u00edzen\u00ed objekt\u016f, byt\u016f i poz\u016fstalost\u00ed<\/strong>\u00a0a v neposledn\u00ed \u0159ad\u011b nab\u00edz\u00edme i\u00a0<strong>v\u00fdkup \u017eeleza, barevn\u00fdch kov\u016f a staro\u017eitnost\u00ed ve Zl\u00edn\u011b<\/strong>. Nov\u011b nab\u00edz\u00edme i\u00a0<strong>bour\u00e1n\u00ed bytov\u00e9ho j\u00e1dra ve Zl\u00edn\u011b<\/strong>.<\/p>\n<p><strong>Vykl\u00edzen\u00ed ve Zl\u00edn\u011b \u2013 jedni\u010dka v oboru ve Zl\u00edn\u011b a okol\u00ed!<\/strong>[\/vc_column_text][\/vc_column_inner][vc_column_inner width=&#8221;1\/2&#8243;][vc_single_image image=&#8221;14&#8243; img_size=&#8221;full&#8221;][\/vc_column_inner][\/vc_row_inner]<\/div><\/div><\/div><\/div>[\/vc_column][\/vc_row]<\/p>\n","protected":false},"excerpt":{"rendered":"<p>[vc_row][vc_column][\/vc_column][\/vc_row] &#8230; <\/p>\n","protected":false},"author":3,"featured_media":0,"parent":0,"menu_order":0,"comment_status":"closed","ping_status":"closed","template":"","meta":{"footnotes":""},"class_list":["post-7","page","type-page","status-publish","hentry"],"_links":{"self":[{"href":"https:\/\/vyklizenivezline.cz\/index.php?rest_route=\/wp\/v2\/pages\/7","targetHints":{"allow":["GET"]}}],"collection":[{"href":"https:\/\/vyklizenivezline.cz\/index.php?rest_route=\/wp\/v2\/pages"}],"about":[{"href":"https:\/\/vyklizenivezline.cz\/index.php?rest_route=\/wp\/v2\/types\/page"}],"author":[{"embeddable":true,"href":"https:\/\/vyklizenivezline.cz\/index.php?rest_route=\/wp\/v2\/users\/3"}],"replies":[{"embeddable":true,"href":"https:\/\/vyklizenivezline.cz\/index.php?rest_route=%2Fwp%2Fv2%2Fcomments&post=7"}],"version-history":[{"count":13,"href":"https:\/\/vyklizenivezline.cz\/index.php?rest_route=\/wp\/v2\/pages\/7\/revisions"}],"predecessor-version":[{"id":40,"href":"https:\/\/vyklizenivezline.cz\/index.php?rest_route=\/wp\/v2\/pages\/7\/revisions\/40"}],"wp:attachment":[{"href":"https:\/\/vyklizenivezline.cz\/index.php?rest_route=%2Fwp%2Fv2%2Fmedia&parent=7"}],"curies":[{"name":"wp","href":"https:\/\/api.w.org\/{rel}","templated":true}]}}